{"id":102,"date":"2019-12-04T20:34:23","date_gmt":"2019-12-04T20:34:23","guid":{"rendered":"https:\/\/www.myweddingpalace.us\/?page_id=102"},"modified":"2025-10-30T03:29:27","modified_gmt":"2025-10-30T03:29:27","slug":"services","status":"publish","type":"page","link":"https:\/\/www.myweddingpalace.us\/es\/services\/","title":{"rendered":"Servicios"},"content":{"rendered":"<div class=\"vce-row-container\"><div class=\"vce-row vce-element--has-background vce-row--col-gap-30 vce-row-content--top\" data-vce-full-width=\"true\" data-vce-stretch-content=\"true\" id=\"el-67fd85df\" data-vce-do-apply=\"all el-67fd85df\"><div class=\"vce-content-background-container\"><div class=\"vce-asset-background-simple-container vce-visible-all-only vce-asset-background-simple--style-cover vce-asset-background-simple--position-center-center\"><div class=\"vce-asset-background-simple\"><div class=\"vce-asset-background-simple-item\" style=\"background-image: url('https:\/\/www.myweddingpalace.us\/wp-content\/uploads\/2019\/12\/Canva-Wedding-Ring.png');\"><\/div><\/div><\/div><div class=\"vce-asset-color-gradient-container vce-visible-all-only\" data-vce-do-apply=\"gradient el-67fd85df\"><\/div><\/div><div class=\"vce-row-content\" data-vce-element-content=\"true\"><div class=\"vce-col vce-col--md-auto vce-col--xs-1 vce-col--xs-last vce-col--xs-first vce-col--sm-last vce-col--sm-first vce-col--md-last vce-col--lg-last vce-col--xl-last vce-col--md-first vce-col--lg-first vce-col--xl-first\" id=\"el-692b6c78\"><div class=\"vce-col-inner\" data-vce-do-apply=\"border margin background  el-692b6c78\"><div class=\"vce-col-content\" data-vce-element-content=\"true\" data-vce-do-apply=\"padding el-692b6c78\"><div class=\"vce-google-fonts-heading vce-google-fonts-heading--align-center vce-google-fonts-heading--color-b-255-255-255--45--5C00FF--FF7200 vce-google-fonts-heading--font-family-Great-Vibes\"><div id=\"el-e35863ae\" class=\"vce-google-fonts-heading-wrapper\"><div class=\"vce-google-fonts-heading--background vce\" data-vce-do-apply=\"border background  padding margin el-e35863ae\"><h2 class=\"vce-google-fonts-heading-inner\" style=\"font-size: 48px; font-weight: 400; font-style: normal;\">Servicios<\/h2><\/div><\/div><\/div><\/div><\/div><\/div><\/div><\/div><\/div><div class=\"vce-row-container\" data-vce-boxed-width=\"true\"><div class=\"vce-row vce-row--col-gap-30 vce-row-equal-height vce-row-content--top\" id=\"el-a8f22523\" data-vce-do-apply=\"all el-a8f22523\"><div class=\"vce-row-content\" data-vce-element-content=\"true\"><div class=\"vce-col vce-col--md-auto vce-col--xs-1 vce-col--xs-last vce-col--xs-first vce-col--sm-last vce-col--sm-first vce-col--md-last vce-col--lg-last vce-col--xl-last vce-col--md-first vce-col--lg-first vce-col--xl-first\" id=\"el-7bb3a240\"><div class=\"vce-col-inner\" data-vce-do-apply=\"border margin background  el-7bb3a240\"><div class=\"vce-col-content\" data-vce-element-content=\"true\" data-vce-do-apply=\"padding el-7bb3a240\"><div class=\"vce-raw-html\"><div class=\"vce-raw-html-wrapper\" id=\"el-9b37a681\" data-vce-do-apply=\"all el-9b37a681\"><!-- Google Tag Manager (noscript) -->\n<noscript><iframe src=\"https:\/\/www.googletagmanager.com\/ns.html?id=GTM-PTHT8W3C\"\nheight=\"0\" width=\"0\" style=\"display:none;visibility:hidden\"><\/iframe><\/noscript>\n<!-- End Google Tag Manager (noscript) --><\/div><\/div><\/div><\/div><\/div><\/div><\/div><\/div><div class=\"vce-row-container\" data-vce-boxed-width=\"true\"><div class=\"vce-row vce-row--col-gap-30 vce-row-content--top\" id=\"el-75e3369c\" data-vce-do-apply=\"all el-75e3369c\"><div class=\"vce-content-background-container\"><\/div><div class=\"vce-row-content\" data-vce-element-content=\"true\"><div class=\"vce-col vce-col--md-auto vce-col--xs-1 vce-col--xs-last vce-col--xs-first vce-col--sm-last vce-col--sm-first vce-col--md-last vce-col--lg-last vce-col--xl-last vce-col--md-first vce-col--lg-first vce-col--xl-first\" id=\"el-a454a784\"><div class=\"vce-col-inner\" data-vce-do-apply=\"border margin background  el-a454a784\"><div class=\"vce-col-content\" data-vce-element-content=\"true\" data-vce-do-apply=\"padding el-a454a784\"><section class=\"vce-feature-section-container vce-feature-section-media--xs\"><div class=\"vce vce-feature-section vce-feature-section--min-height\" id=\"el-0d1389ce\" data-vce-do-apply=\"margin border animation backgroundColor el-0d1389ce\"><div class=\"vce-feature-section-image vce-feature-section-image--alignment-left\" data-vce-do-apply=\"backgroundImage el-0d1389ce\"><\/div><div class=\"vce-feature-section-content\"><div class=\"vce-feature-section-content-container\" data-vce-do-apply=\"padding el-0d1389ce\"><div class=\"vce-feature-section-description\"><h1 style=\"text-align: center;\"><span style=\"color: #610175; font-family: 'Great Vibes';\">Ceremonia Sencilla<\/span><\/h1><p><span style=\"color: #333333; font-size: 14pt; font-family: 'Old Standard TT';\">Las ceremonias de bodas civiles, por ser de naturaleza no religiosa, deben cumplir con los requisitos legales de Los \u00c1ngeles. Sin embargo, tambi\u00e9n es uno de los m\u00e9todos m\u00e1s f\u00e1ciles y r\u00e1pidos para casarse. La boda civil, como otras bodas, se centra en los tres pilares de la relaci\u00f3n: amor, confianza y honestidad. Nuestro funcionario civil de bodas estar\u00e1 encantado de guiarlo durante toda la ceremonia. \u00bfEntonces, Qu\u00e9 esperas? Prepara tus votos para la gran ocasi\u00f3n.<\/span><\/p><\/div><div class=\"\"><\/div><\/div><\/div><\/div><\/section><\/div><\/div><\/div><\/div><\/div><\/div><div class=\"vce-row-container\" data-vce-boxed-width=\"true\"><div class=\"vce-row vce-row--col-gap-30 vce-row-content--top\" id=\"el-56123932\" data-vce-do-apply=\"all el-56123932\"><div class=\"vce-content-background-container\"><\/div><div class=\"vce-row-content\" data-vce-element-content=\"true\"><div class=\"vce-col vce-col--md-auto vce-col--xs-1 vce-col--xs-last vce-col--xs-first vce-col--sm-last vce-col--sm-first vce-col--md-last vce-col--lg-last vce-col--xl-last vce-col--md-first vce-col--lg-first vce-col--xl-first\" id=\"el-4d4c74fd\"><div class=\"vce-col-inner\" data-vce-do-apply=\"border margin background  el-4d4c74fd\"><div class=\"vce-col-content\" data-vce-element-content=\"true\" data-vce-do-apply=\"padding el-4d4c74fd\"><section class=\"vce-feature-section-container vce-feature-section-media--xs\"><div class=\"vce vce-feature-section vce-feature-section--min-height\" id=\"el-759f903f\" data-vce-do-apply=\"margin border animation backgroundColor el-759f903f\"><div class=\"vce-feature-section-image vce-feature-section-image--alignment-right\" data-vce-do-apply=\"backgroundImage el-759f903f\"><\/div><div class=\"vce-feature-section-content\"><div class=\"vce-feature-section-content-container\" data-vce-do-apply=\"padding el-759f903f\"><div class=\"vce-feature-section-description\"><h1 style=\"text-align: center;\"><span style=\"color: #610175; font-family: 'Great Vibes';\">Boda en Capilla<\/span><\/h1><p><span style=\"color: #333333; font-family: 'Old Standard TT'; font-size: 14pt;\">Tu familia forma parte integral de tu vida, porque te criaron para ser lo que eres hoy. Entonces, cuando est\u00e9 planeando agregar un nuevo miembro a su familia a trav\u00e9s del matrimonio, invite a su familia a ser parte de \u00e9l. Ya sea como un gesto de agradecimiento a tus padres, o derramar amor sobre tus hermanos, estamos aqu\u00ed para que tu d\u00eda especial sea memorable.<\/span><\/p><\/div><div class=\"\"><\/div><\/div><\/div><\/div><\/section><\/div><\/div><\/div><\/div><\/div><\/div><div class=\"vce-row-container\" data-vce-boxed-width=\"true\"><div class=\"vce-row vce-row--col-gap-30 vce-row-content--top\" id=\"el-57751e29\" data-vce-do-apply=\"all el-57751e29\"><div class=\"vce-content-background-container\"><\/div><div class=\"vce-row-content\" data-vce-element-content=\"true\"><div class=\"vce-col vce-col--md-auto vce-col--xs-1 vce-col--xs-last vce-col--xs-first vce-col--sm-last vce-col--sm-first vce-col--md-last vce-col--lg-last vce-col--xl-last vce-col--md-first vce-col--lg-first vce-col--xl-first\" id=\"el-7d5e696f\"><div class=\"vce-col-inner\" data-vce-do-apply=\"border margin background  el-7d5e696f\"><div class=\"vce-col-content\" data-vce-element-content=\"true\" data-vce-do-apply=\"padding el-7d5e696f\"><section class=\"vce-feature-section-container vce-feature-section-media--xs\"><div class=\"vce vce-feature-section vce-feature-section--min-height\" id=\"el-9efff174\" data-vce-do-apply=\"margin border animation backgroundColor el-9efff174\"><div class=\"vce-feature-section-image vce-feature-section-image--alignment-left\" data-vce-do-apply=\"backgroundImage el-9efff174\"><\/div><div class=\"vce-feature-section-content\"><div class=\"vce-feature-section-content-container\" data-vce-do-apply=\"padding el-9efff174\"><div class=\"vce-feature-section-description\"><h1 style=\"text-align: center;\"><span style=\"color: #610175; font-family: 'Great Vibes';\">Boda a Domicilio<\/span><\/h1><p><span style=\"color: #333333; font-family: 'Old Standard TT'; font-size: 14pt;\">Si ya cuentas con tu lugar so\u00f1ado y eres de naturaleza social, entonces la ceremonia de la boda en casa ser\u00eda una opci\u00f3n perfecta para ti. \u00bfQu\u00e9 mejor manera, que invitar a sus seres queridos a tu hogar en la emocionante ocasi\u00f3n del matrimonio? Para ayudarlos a planificar la boda perfecta, ya sea en un lugar alquilado o en su propia casa, estamos aqu\u00ed. Solo h\u00e1ganos saber sus sue\u00f1os y vea c\u00f3mo se hace realidad en ese d\u00eda especial.<\/span><\/p><\/div><div class=\"\"><\/div><\/div><\/div><\/div><\/section><\/div><\/div><\/div><\/div><\/div><\/div><div class=\"vce-row-container\" data-vce-boxed-width=\"true\"><div class=\"vce-row vce-row--col-gap-30 vce-row-content--top\" id=\"el-e7c56bdc\" data-vce-do-apply=\"all el-e7c56bdc\"><div class=\"vce-row-content\" data-vce-element-content=\"true\"><div class=\"vce-col vce-col--md-auto vce-col--xs-1 vce-col--xs-last vce-col--xs-first vce-col--sm-last vce-col--sm-first vce-col--md-last vce-col--lg-last vce-col--xl-last vce-col--md-first vce-col--lg-first vce-col--xl-first\" id=\"el-b7955086\"><div class=\"vce-col-inner\" data-vce-do-apply=\"border margin background  el-b7955086\"><div class=\"vce-col-content\" data-vce-element-content=\"true\" data-vce-do-apply=\"padding el-b7955086\"><div class=\"vce-google-fonts-heading vce-google-fonts-heading--align-center vce-google-fonts-heading--color-b-97-1-117--45--5C00FF--FF7200 vce-google-fonts-heading--font-family-Great-Vibes\"><div id=\"el-3c1f7ddb\" class=\"vce-google-fonts-heading-wrapper\"><div class=\"vce-google-fonts-heading--background vce\" data-vce-do-apply=\"border background  padding margin el-3c1f7ddb\"><h2 class=\"vce-google-fonts-heading-inner\" style=\"font-size: 48px; font-weight: 400; font-style: normal;\">Servicios Legales<\/h2><\/div><\/div><\/div><div class=\"vce-text-block\"><div class=\"vce-text-block-wrapper vce\" id=\"el-c943c07e\" data-vce-do-apply=\"all el-c943c07e\"><div class=\"plan-header\"><h1 class=\"price\">&nbsp;<\/h1><\/div><div class=\"plan-inside\"><p style=\"text-align: center;\"><span style=\"font-family: 'Old Standard TT';\"><strong>Ciudadan\u00eda<\/strong><\/span><\/p><hr class=\"hr_color\"><p style=\"text-align: center;\"><span style=\"font-family: 'Old Standard TT';\"><strong>Renovaci\u00f3n de \u201cGreen card\u201d y permiso de trabajo.<\/strong><\/span><\/p><hr class=\"hr_color\"><p style=\"text-align: center;\"><span style=\"font-family: 'Old Standard TT';\"><strong>Peticiones familiares<\/strong><\/span><\/p><hr class=\"hr_color\"><p style=\"text-align: center;\"><span style=\"font-family: 'Old Standard TT';\"><strong>Diferred Action (DACA)<\/strong><\/span><\/p><hr class=\"hr_color\"><p style=\"text-align: center;\"><span style=\"font-family: 'Old Standard TT';\"><strong>Expungements<\/strong><\/span><\/p><hr class=\"hr_color\"><p style=\"text-align: center;\"><span style=\"font-family: 'Old Standard TT';\"><strong>Huellas digitales para antecedentes penales<\/strong><\/span><\/p><hr class=\"hr_color\"><p style=\"text-align: center;\"><span style=\"font-family: 'Old Standard TT';\"><strong>Custodia y visitaci\u00f3n<\/strong><\/span><\/p><hr class=\"hr_color\"><p style=\"text-align: center;\"><span style=\"font-family: 'Old Standard TT';\"><strong>Reclamos menores<\/strong><\/span><\/p><p style=\"text-align: center;\">&nbsp;<\/p><\/div><\/div><\/div><\/div><\/div><\/div><\/div><\/div><\/div><div class=\"vce-row-container\"><div class=\"vce-row vce-element--has-background vce-row--col-gap-30 vce-row-content--top\" data-vce-full-width=\"true\" data-vce-stretch-content=\"true\" id=\"el-5778dd90\" data-vce-do-apply=\"all el-5778dd90\"><div class=\"vce-content-background-container\"><\/div><div class=\"vce-row-content\" data-vce-element-content=\"true\"><div class=\"vce-col vce-col--md-auto vce-col--xs-1 vce-col--xs-last vce-col--xs-first vce-col--sm-last vce-col--sm-first vce-col--md-last vce-col--lg-last vce-col--xl-last vce-col--md-first vce-col--lg-first vce-col--xl-first\" id=\"el-f801ea58\"><div class=\"vce-col-inner\" data-vce-do-apply=\"border margin background  el-f801ea58\"><div class=\"vce-content-background-container\"><\/div><div class=\"vce-col-content\" data-vce-element-content=\"true\" data-vce-do-apply=\"padding el-f801ea58\"><div class=\"vce-features vce-var-icon vce-features--style-filled-circle vce-features--size-small\" style=\"--iconAlignment: center; --iconColor: #fff; --iconColorHover: #fff; --shapeColor: rgb(108, 37, 138); --shapeColorHover: rgb(108, 37, 138); --linkColorHover: rgb(97,33,123);\"><div id=\"el-a81bfd51\" class=\"vce vce-features-icon-wrapper\" data-vce-do-apply=\"all el-a81bfd51\"><div class=\"vce-features--icon vce-icon\"><svg xmlns=\"https:\/\/www.w3.org\/2000\/svg\" viewbox=\"0 0 769 769\"><path stroke-width=\"25\" d=\"M565.755 696.27h-360l-180-311.77 180-311.77h360l180 311.77z\"><\/path><\/svg><span class=\"vce-icon-container fas fa-gavel\"><\/span><\/div><\/div><\/div><div class=\"vce-google-fonts-heading vce-google-fonts-heading--align-center vce-google-fonts-heading--color-b-97-1-117--45--5C00FF--FF7200 vce-google-fonts-heading--font-family-Great-Vibes\"><div id=\"el-fcc77bf1\" class=\"vce-google-fonts-heading-wrapper\"><div class=\"vce-google-fonts-heading--background vce\" data-vce-do-apply=\"border background  padding margin el-fcc77bf1\"><h2 class=\"vce-google-fonts-heading-inner\" style=\"font-size: 48px; font-weight: 400; font-style: normal;\">Servicios Legales<\/h2><\/div><\/div><\/div><div class=\"vce-row-container\" data-vce-boxed-width=\"true\"><div class=\"vce-row vce-row--col-gap-30 vce-row-content--top\" id=\"el-ec45de90\" data-vce-do-apply=\"all el-ec45de90\"><div class=\"vce-row-content\" data-vce-element-content=\"true\"><div class=\"vce-col vce-col--md-25p vce-col--xs-1 vce-col--xs-last vce-col--xs-first vce-col--sm-last vce-col--sm-first vce-col--md-first vce-col--lg-first vce-col--xl-first\" id=\"el-cfe74e48\"><div class=\"vce-col-inner\" data-vce-do-apply=\"border margin background  el-cfe74e48\"><div class=\"vce-col-content\" data-vce-element-content=\"true\" data-vce-do-apply=\"padding el-cfe74e48\"><div class=\"vcv-row-control-wrapper\"><\/div><\/div><\/div><\/div><div class=\"vce-col vce-col--md-50p vce-col--xs-1 vce-col--xs-last vce-col--xs-first vce-col--sm-last vce-col--sm-first\" id=\"el-fa2a92db\"><div class=\"vce-col-inner\" data-vce-do-apply=\"border margin background  el-fa2a92db\"><div class=\"vce-col-content\" data-vce-element-content=\"true\" data-vce-do-apply=\"padding el-fa2a92db\"><div class=\"vce-text-block\"><div class=\"vce-text-block-wrapper vce\" id=\"el-4bf299cf\" data-vce-do-apply=\"all el-4bf299cf\"><p><span style=\"font-family: 'Old Standard TT';\">Debe tener una identificaci\u00f3n v\u00e1lida o licencia de conducir de California con certificado de nacimiento. Si no tiene identificaci\u00f3n de California debe traer el pasaporte de su pa\u00eds y cualquier identificaci\u00f3n v\u00e1lida con certificado de nacimiento.<\/span><\/p><\/div><\/div><\/div><\/div><\/div><div class=\"vce-col vce-col--md-25p vce-col--xs-1 vce-col--xs-last vce-col--xs-first vce-col--sm-last vce-col--sm-first vce-col--md-last vce-col--lg-last vce-col--xl-last\" id=\"el-9ceac704\"><div class=\"vce-col-inner\" data-vce-do-apply=\"border margin background  el-9ceac704\"><div class=\"vce-col-content\" data-vce-element-content=\"true\" data-vce-do-apply=\"padding el-9ceac704\"><div class=\"vcv-row-control-wrapper\"><\/div><\/div><\/div><\/div><\/div><\/div><\/div><div class=\"vce-row-container\"><div class=\"vce-row vce-row--col-gap-30 vce-row-content--top\" data-vce-full-width=\"true\" id=\"el-b866a494\" data-vce-do-apply=\"all el-b866a494\"><div class=\"vce-row-content\" data-vce-element-content=\"true\"><div class=\"vce-col vce-col--md-25p vce-col--xs-1 vce-col--xs-last vce-col--xs-first vce-col--sm-last vce-col--sm-first vce-col--md-first vce-col--lg-first vce-col--xl-first\" id=\"el-fb6f657c\"><div class=\"vce-col-inner\" data-vce-do-apply=\"border margin background  el-fb6f657c\"><div class=\"vce-col-content\" data-vce-element-content=\"true\" data-vce-do-apply=\"padding el-fb6f657c\"><div class=\"vcv-row-control-wrapper\"><\/div><\/div><\/div><\/div><div class=\"vce-col vce-col--md-50p vce-col--xs-1 vce-col--xs-last vce-col--xs-first vce-col--sm-last vce-col--sm-first\" id=\"el-fd49bf01\"><div class=\"vce-col-inner\" data-vce-do-apply=\"border margin background  el-fd49bf01\"><div class=\"vce-col-content\" data-vce-element-content=\"true\" data-vce-do-apply=\"padding el-fd49bf01\"><div class=\"vce-google-fonts-heading vce-google-fonts-heading--align-center vce-google-fonts-heading--color-b-97-1-117--45--5C00FF--FF7200 vce-google-fonts-heading--font-family-Great-Vibes\"><div id=\"el-94a380cc\" class=\"vce-google-fonts-heading-wrapper\"><div class=\"vce-google-fonts-heading--background vce\" data-vce-do-apply=\"border background  padding margin el-94a380cc\"><h2 class=\"vce-google-fonts-heading-inner\" style=\"font-size: 48px; font-weight: 400; font-style: normal;\">Cont\u00e1ctanos<\/h2><\/div><\/div><\/div><div class=\"vce-shortcode\"><div class=\"vce-shortcode-wrapper vce\" id=\"el-32623f47\" data-vce-do-apply=\"all el-32623f47\">\n<div class=\"wpcf7 no-js\" id=\"wpcf7-f641-o1\" lang=\"en-US\" dir=\"ltr\" data-wpcf7-id=\"641\">\n<div class=\"screen-reader-response\"><p role=\"status\" aria-live=\"polite\" aria-atomic=\"true\"><\/p> <ul><\/ul><\/div>\n<form action=\"\/es\/wp-json\/wp\/v2\/pages\/102#wpcf7-f641-o1\" method=\"post\" class=\"wpcf7-form init\" aria-label=\"Contact form\" novalidate=\"novalidate\" data-status=\"init\" data-trp-original-action=\"\/es\/wp-json\/wp\/v2\/pages\/102#wpcf7-f641-o1\">\n<fieldset class=\"hidden-fields-container\"><input type=\"hidden\" name=\"_wpcf7\" value=\"641\" \/><input type=\"hidden\" name=\"_wpcf7_version\" value=\"6.1.4\" \/><input type=\"hidden\" name=\"_wpcf7_locale\" value=\"en_US\" \/><input type=\"hidden\" name=\"_wpcf7_unit_tag\" value=\"wpcf7-f641-o1\" \/><input type=\"hidden\" name=\"_wpcf7_container_post\" value=\"0\" \/><input type=\"hidden\" name=\"_wpcf7_posted_data_hash\" value=\"\" \/>\n<\/fieldset>\n<div class=\"form_home\">\n\t<div class=\"form-group spaced\">\n\t\t<p><span class=\"wpcf7-form-control-wrap\" data-name=\"your-name\"><input size=\"40\" maxlength=\"400\" class=\"wpcf7-form-control wpcf7-text wpcf7-validates-as-required form-control\" aria-required=\"true\" aria-invalid=\"false\" placeholder=\"Nombre completo\" value=\"\" type=\"text\" name=\"your-name\" \/><\/span>\n\t\t<\/p>\n\t<\/div>\n\t<div class=\"form-group spaced\">\n\t\t<p><span class=\"wpcf7-form-control-wrap\" data-name=\"your-phone\"><input size=\"40\" maxlength=\"400\" class=\"wpcf7-form-control wpcf7-tel wpcf7-validates-as-required wpcf7-text wpcf7-validates-as-tel form-control\" id=\"phone-mask\" aria-required=\"true\" aria-invalid=\"false\" placeholder=\"(123) 456-7890\" value=\"\" type=\"tel\" name=\"your-phone\" \/><\/span>\n\t\t<\/p>\n\t<\/div>\n\t<div class=\"form-group spaced\">\n\t\t<p><span class=\"wpcf7-form-control-wrap\" data-name=\"your-email\"><input size=\"40\" maxlength=\"400\" class=\"wpcf7-form-control wpcf7-email wpcf7-validates-as-required wpcf7-text wpcf7-validates-as-email form-control\" aria-required=\"true\" aria-invalid=\"false\" placeholder=\"Correo electr\u00f3nico\" value=\"\" type=\"email\" name=\"your-email\" \/><\/span>\n\t\t<\/p>\n\t<\/div>\n\t<div class=\"form-group\">\n\t\t<p><span class=\"wpcf7-form-control-wrap\" data-name=\"your-service\"><select class=\"wpcf7-form-control wpcf7-select wpcf7-validates-as-required form-control\" aria-required=\"true\" aria-invalid=\"false\" name=\"your-service\"><option value=\"\">Seleccione el servicio deseado<\/option><option value=\"Simple Ceremony\">Ceremonia Sencilla<\/option><option value=\"Wedding Chapel\">Boda en Capilla<\/option><option value=\"Wedding at Home\">Boda a Domicilio<\/option><option value=\"Legal Services\">Servicios Legales<\/option><\/select><\/span>\n\t\t<\/p>\n\t<\/div>\n\t<div class=\"form-group\">\n\t\t<p><span class=\"wpcf7-form-control-wrap\" data-name=\"contact-time\"><select class=\"wpcf7-form-control wpcf7-select wpcf7-validates-as-required form-control\" aria-required=\"true\" aria-invalid=\"false\" name=\"contact-time\"><option value=\"\">Horario preferido para contactarte<\/option><option value=\"Morning (9 AM \u2013 12 PM)\">Ma\u00f1ana (9:00 a. m. \u2013 12:00 p. m.)<\/option><option value=\"Afternoon (1 PM \u2013 6 PM)\">Tarde (13:00 \u2013 18:00)<\/option><option value=\"Evening (7 PM \u2013 10 PM)\">Tarde-noche (7 p. m. \u2013 10 p. m.)<\/option><\/select><\/span>\n\t\t<\/p>\n\t<\/div>\n\t<div class=\"form-group\">\n\t\t<p><span class=\"wpcf7-form-control-wrap\" data-name=\"your-message\"><textarea cols=\"40\" rows=\"10\" maxlength=\"2000\" class=\"wpcf7-form-control wpcf7-textarea wpcf7-validates-as-required form-control\" aria-required=\"true\" aria-invalid=\"false\" placeholder=\"Mensaje...\" name=\"your-message\"><\/textarea><\/span>\n\t\t<\/p>\n\t<\/div>\n\t<div class=\"form-group form_home1-captcha-submit\">\n\t\t<p><div id=\"cf7sr-69e8d6da226cd\" class=\"cf7sr-g-recaptcha\" data-theme=\"light\" data-type=\"image\" data-size=\"normal\" data-sitekey=\"6LcPWPsrAAAAAENQ19-EPDVOsYQKeeW4kvYZKQif\"><\/div><span class=\"wpcf7-form-control-wrap cf7sr-recaptcha\" data-name=\"cf7sr-recaptcha\"><input type=\"hidden\" name=\"cf7sr-recaptcha\" value=\"\" class=\"wpcf7-form-control\"><\/span><br \/>\n<button type=\"submit\" class=\"btn btn-primary\">Enviar formulario<\/button>\n\t\t<\/p>\n\t<\/div>\n<\/div><div class=\"wpcf7-response-output\" aria-hidden=\"true\"><\/div>\n<input type=\"hidden\" name=\"trp-form-language\" value=\"es\"\/><\/form>\n<\/div>\n<\/div><\/div><\/div><\/div><\/div><div class=\"vce-col vce-col--md-25p vce-col--xs-1 vce-col--xs-last vce-col--xs-first vce-col--sm-last vce-col--sm-first vce-col--md-last vce-col--lg-last vce-col--xl-last\" id=\"el-1dd05b54\"><div class=\"vce-col-inner\" data-vce-do-apply=\"border margin background  el-1dd05b54\"><div class=\"vce-col-content\" data-vce-element-content=\"true\" data-vce-do-apply=\"padding el-1dd05b54\"><div class=\"vcv-row-control-wrapper\"><\/div><\/div><\/div><\/div><\/div><\/div><\/div><\/div><\/div><\/div><\/div><\/div><\/div><div class=\"vce-row-container\"><div class=\"vce-row vce-row--col-gap-30 vce-row-no-paddings vce-row-content--top\" data-vce-full-width=\"true\" data-vce-stretch-content=\"true\" id=\"el-59b35e69\" data-vce-do-apply=\"all el-59b35e69\"><div class=\"vce-row-content\" data-vce-element-content=\"true\"><div class=\"vce-col vce-col--md-auto vce-col--xs-1 vce-col--xs-last vce-col--xs-first vce-col--sm-last vce-col--sm-first vce-col--md-last vce-col--lg-last vce-col--xl-last vce-col--md-first vce-col--lg-first vce-col--xl-first\" id=\"el-3ef6ee98\"><div class=\"vce-col-inner\" data-vce-do-apply=\"border margin background  el-3ef6ee98\"><div class=\"vce-col-content\" data-vce-element-content=\"true\" data-vce-do-apply=\"padding el-3ef6ee98\"><div class=\"vce-google-maps vce-google-maps--align-left\"><div class=\"vce-google-maps-wrapper vce vce-google-maps--width-custom vce-google-maps--height-custom\" id=\"el-57408024\" data-vce-do-apply=\"all el-57408024\" style=\"width: 100%; height: 400px;\"><div class=\"vce-google-maps-inner\"><iframe loading=\"lazy\" src=\"https:\/\/www.google.com\/maps\/embed?pb=!1m14!1m8!1m3!1d52876.89354310188!2d-118.03707199999998!3d34.074491!3m2!1i1024!2i768!4f13.1!3m3!1m2!1s0x0%3A0x3a6b09495c94647a!2sMy%20Wedding%20Palace!5e0!3m2!1ses-419!2smx!4v1575746743386!5m2!1ses-419!2smx\" width=\"600\" height=\"450\" frameborder=\"0\" style=\"border: 0px; pointer-events: none;\" allowfullscreen=\"\"><\/iframe><\/div><\/div><\/div><\/div><\/div><\/div><\/div><\/div><\/div>","protected":false},"excerpt":{"rendered":"<p>Services Simple CeremonyCivil wedding ceremonies, being non \u2013 religious in nature, need to satisfy the legal requirements of Los Angeles. However, it is also one&hellip;<\/p>","protected":false},"author":1,"featured_media":0,"parent":0,"menu_order":0,"comment_status":"closed","ping_status":"closed","template":"","meta":{"footnotes":""},"class_list":["post-102","page","type-page","status-publish","hentry"],"_links":{"self":[{"href":"https:\/\/www.myweddingpalace.us\/es\/wp-json\/wp\/v2\/pages\/102","targetHints":{"allow":["GET"]}}],"collection":[{"href":"https:\/\/www.myweddingpalace.us\/es\/wp-json\/wp\/v2\/pages"}],"about":[{"href":"https:\/\/www.myweddingpalace.us\/es\/wp-json\/wp\/v2\/types\/page"}],"author":[{"embeddable":true,"href":"https:\/\/www.myweddingpalace.us\/es\/wp-json\/wp\/v2\/users\/1"}],"replies":[{"embeddable":true,"href":"https:\/\/www.myweddingpalace.us\/es\/wp-json\/wp\/v2\/comments?post=102"}],"version-history":[{"count":10,"href":"https:\/\/www.myweddingpalace.us\/es\/wp-json\/wp\/v2\/pages\/102\/revisions"}],"predecessor-version":[{"id":649,"href":"https:\/\/www.myweddingpalace.us\/es\/wp-json\/wp\/v2\/pages\/102\/revisions\/649"}],"wp:attachment":[{"href":"https:\/\/www.myweddingpalace.us\/es\/wp-json\/wp\/v2\/media?parent=102"}],"curies":[{"name":"wp","href":"https:\/\/api.w.org\/{rel}","templated":true}]}}