{"id":148,"date":"2019-12-04T22:01:45","date_gmt":"2019-12-04T22:01:45","guid":{"rendered":"https:\/\/www.myweddingpalace.us\/?page_id=148"},"modified":"2025-10-30T03:28:17","modified_gmt":"2025-10-30T03:28:17","slug":"testimonialswp","status":"publish","type":"page","link":"https:\/\/www.myweddingpalace.us\/es\/testimonialswp\/","title":{"rendered":"TestimonialsWP"},"content":{"rendered":"<div class=\"vce-row-container\"><div class=\"vce-row vce-element--has-background vce-row--col-gap-30 vce-row-content--top\" data-vce-full-width=\"true\" data-vce-stretch-content=\"true\" id=\"el-3e7df9e8\" data-vce-do-apply=\"all el-3e7df9e8\"><div class=\"vce-content-background-container\"><div class=\"vce-asset-background-simple-container vce-visible-all-only vce-asset-background-simple--style-cover vce-asset-background-simple--position-center-top\"><div class=\"vce-asset-background-simple\"><div class=\"vce-asset-background-simple-item\" style=\"background-image: url('https:\/\/www.myweddingpalace.us\/wp-content\/uploads\/2020\/09\/IMG_8528-scaled.jpg');\"><\/div><div class=\"vce-asset-background-simple-item\" style=\"background-image: url('https:\/\/www.myweddingpalace.us\/wp-content\/uploads\/2020\/07\/IMG_9601-scaled.jpg');\"><\/div><\/div><\/div><div class=\"vce-asset-color-gradient-container vce-visible-all-only\" data-vce-do-apply=\"gradient el-3e7df9e8\"><\/div><\/div><div class=\"vce-row-content\" data-vce-element-content=\"true\"><div class=\"vce-col vce-col--md-auto vce-col--xs-1 vce-col--xs-last vce-col--xs-first vce-col--sm-last vce-col--sm-first vce-col--md-last vce-col--lg-last vce-col--xl-last vce-col--md-first vce-col--lg-first vce-col--xl-first\" id=\"el-df885fb9\"><div class=\"vce-col-inner\" data-vce-do-apply=\"border margin background  el-df885fb9\"><div class=\"vce-col-content\" data-vce-element-content=\"true\" data-vce-do-apply=\"padding el-df885fb9\"><div class=\"vce-google-fonts-heading vce-google-fonts-heading--align-center vce-google-fonts-heading--color-b-255-255-255--45--5C00FF--FF7200 vce-google-fonts-heading--font-family-Great-Vibes\"><div id=\"el-1bacb91c\" class=\"vce-google-fonts-heading-wrapper\"><div class=\"vce-google-fonts-heading--background vce\" data-vce-do-apply=\"border background  padding margin el-1bacb91c\"><h2 class=\"vce-google-fonts-heading-inner\" style=\"font-size: 48px; font-weight: 400; font-style: normal;\">Testimoniales<\/h2><\/div><\/div><\/div><\/div><\/div><\/div><\/div><\/div><\/div><div class=\"vce-row-container\" data-vce-boxed-width=\"true\"><div class=\"vce-row vce-row--col-gap-30 vce-row-content--top\" id=\"el-3d4b6b0f\" data-vce-do-apply=\"all el-3d4b6b0f\"><div class=\"vce-row-content\" data-vce-element-content=\"true\"><div class=\"vce-col vce-col--md-16-66p vce-col--xs-1 vce-col--xs-last vce-col--xs-first vce-col--sm-last vce-col--sm-first vce-col--md-first vce-col--lg-first vce-col--xl-first\" id=\"el-67918c9a\"><div class=\"vce-col-inner\" data-vce-do-apply=\"border margin background  el-67918c9a\"><div class=\"vce-col-content\" data-vce-element-content=\"true\" data-vce-do-apply=\"padding el-67918c9a\"><div class=\"vcv-row-control-wrapper\"><\/div><\/div><\/div><\/div><div class=\"vce-col vce-col--md-66-66p vce-col--xs-1 vce-col--xs-last vce-col--xs-first vce-col--sm-last vce-col--sm-first\" id=\"el-a201e14d\"><div class=\"vce-col-inner\" data-vce-do-apply=\"border margin background  el-a201e14d\"><div class=\"vce-col-content\" data-vce-element-content=\"true\" data-vce-do-apply=\"padding el-a201e14d\"><div class=\"vce-raw-html\"><div class=\"vce-raw-html-wrapper\" id=\"el-647fcc2e\" data-vce-do-apply=\"all el-647fcc2e\"><!-- Google Tag Manager (noscript) -->\n<noscript><iframe src=\"https:\/\/www.googletagmanager.com\/ns.html?id=GTM-PTHT8W3C\"\nheight=\"0\" width=\"0\" style=\"display:none;visibility:hidden\"><\/iframe><\/noscript>\n<!-- End Google Tag Manager (noscript) --><\/div><\/div><div class=\"vce-shortcode\"><div class=\"vce-shortcode-wrapper vce\" id=\"el-4e93faf5\" data-vce-do-apply=\"all el-4e93faf5\"><div id=\"testimonial_rotator_wrap_69\" class=\"testimonial_rotator_wrap\">\n\t<div id=\"testimonial_rotator_69\" class=\"testimonial_rotator  format-list template-default hreview-aggregate\" data-cycletwo-timeout=\"3000\" data-cycletwo-speed=\"1000\" data-cycletwo-pause-on-hover=\"true\"  data-cycletwo-swipe=\"true\" data-cycletwo-fx=\"fade\" data-cycletwo-auto-height=\"calc\" data-cycletwo-slides=\"> div.slide\" data-cycletwo-log=\"false\" >\n<div class=\"slide slide1 testimonial_rotator_slide hreview itemreviewed item  cf-tr\">\n<div class=\"text testimonial_rotator_description\">\n<h2 class=\"testimonial_rotator_slide_title\">Fue simplemente maravilloso<\/h2>\n<div class=\"testimonial_rotator_stars cf-tr\">\n<span class=\"testimonial_rotator_star testimonial_rotator_star_1\"><i class=\"fa fa-star\"><\/i><\/span><span class=\"testimonial_rotator_star testimonial_rotator_star_2\"><i class=\"fa fa-star\"><\/i><\/span><span class=\"testimonial_rotator_star testimonial_rotator_star_3\"><i class=\"fa fa-star\"><\/i><\/span><span class=\"testimonial_rotator_star testimonial_rotator_star_4\"><i class=\"fa fa-star\"><\/i><\/span><span class=\"testimonial_rotator_star testimonial_rotator_star_5\"><i class=\"fa fa-star\"><\/i><\/span><\/div>\n<div class=\"testimonial_rotator_quote\">\nFue simplemente maravilloso preguntamos por la capilla alrededor de Diciembre de 2015 y en Enero, mi esposo y yo nos casamos, fue perfecto y me alegro de haberme casado aqu\u00ed, lo recomendar\u00eda a todos los que quieran casarse.<\/div>\n<div class=\"testimonial_rotator_author_info cf-tr\">\n<p><span class=\"fwb\">Daisy Jasmine Sanchez<\/span><\/p>\n<\/div>\n<\/div>\n\t<div class=\"testimonial_rotator_microdata\">\n\t<div class=\"item\"><div class=\"fn\">My Wedding Palace<\/div><\/div>\n\t<div class=\"rating\">5<\/div>\n\t<div class=\"dtreviewed\"> 2019-12-04T02:31:23+00:00<\/div>\t<div class=\"reviewer\"> \t<div class=\"fn\"> <p><span class=\"fwb\">Daisy Jasmine Sanchez<\/span><\/p>\n<\/div>\t<\/div>Fue simplemente maravilloso preguntamos por la capilla alrededor de Diciembre de 2015 y en Enero, mi esposo y yo nos casamos, fue perfecto y me alegro de haberme casado aqu\u00ed, lo recomendar\u00eda a todos los que quieran casarse.\t<div class=\"summary\"> <\/div>\t<div class=\"permalink\"> https:\/\/www.myweddingpalace.us\/es\/testimonials\/it-was-simply-wonderful\/<\/div>\t<\/div><!-- .testimonial_rotator_microdata -->\n<\/div>\n<div class=\"slide slide2 testimonial_rotator_slide hreview itemreviewed item  cf-tr\">\n<div class=\"text testimonial_rotator_description\">\n<h2 class=\"testimonial_rotator_slide_title\">Nos Casamos!<\/h2>\n<div class=\"testimonial_rotator_stars cf-tr\">\n<span class=\"testimonial_rotator_star testimonial_rotator_star_1\"><i class=\"fa fa-star\"><\/i><\/span><span class=\"testimonial_rotator_star testimonial_rotator_star_2\"><i class=\"fa fa-star\"><\/i><\/span><span class=\"testimonial_rotator_star testimonial_rotator_star_3\"><i class=\"fa fa-star\"><\/i><\/span><span class=\"testimonial_rotator_star testimonial_rotator_star_4\"><i class=\"fa fa-star\"><\/i><\/span><span class=\"testimonial_rotator_star testimonial_rotator_star_5\"><i class=\"fa fa-star\"><\/i><\/span><\/div>\n<div class=\"testimonial_rotator_quote\">\nNos casamos el 23 de Noviembre me encant\u00f3 la gran atenci\u00f3n y el gran servicio<\/div>\n<div class=\"testimonial_rotator_author_info cf-tr\">\n<h5 id=\"js_1ar\" class=\"_7tae _14f3 _14f5 _5pbw _5vra\" data-ft=\"{&quot;tn&quot;:&quot;C&quot;}\"><span class=\"fwn fcg\"><span class=\"fcg\"><span class=\"fwb\">Jaime Juarez<\/span><\/span><\/span><\/h5>\n<\/div>\n<\/div>\n\t<div class=\"testimonial_rotator_microdata\">\n\t<div class=\"item\"><div class=\"fn\">My Wedding Palace<\/div><\/div>\n\t<div class=\"rating\">5<\/div>\n\t<div class=\"dtreviewed\"> 2019-12-04T02:58:08+00:00<\/div>\t<div class=\"reviewer\"> \t<div class=\"fn\"> <h5 id=\"js_1ar\" class=\"_7tae _14f3 _14f5 _5pbw _5vra\" data-ft=\"{&quot;tn&quot;:&quot;C&quot;}\"><span class=\"fwn fcg\"><span class=\"fcg\"><span class=\"fwb\">Jaime Juarez<\/span><\/span><\/span><\/h5>\n<\/div>\t<\/div>Nos casamos el 23 de Noviembre me encant\u00f3 la gran atenci\u00f3n y el gran servicio\t<div class=\"summary\"> <\/div>\t<div class=\"permalink\"> https:\/\/www.myweddingpalace.us\/es\/testimonials\/got-married-23-of-november\/<\/div>\t<\/div><!-- .testimonial_rotator_microdata -->\n<\/div>\n<div class=\"slide slide3 testimonial_rotator_slide hreview itemreviewed item  cf-tr\">\n<div class=\"text testimonial_rotator_description\">\n<h2 class=\"testimonial_rotator_slide_title\">Me voy a casar<\/h2>\n<div class=\"testimonial_rotator_stars cf-tr\">\n<span class=\"testimonial_rotator_star testimonial_rotator_star_1\"><i class=\"fa fa-star\"><\/i><\/span><span class=\"testimonial_rotator_star testimonial_rotator_star_2\"><i class=\"fa fa-star\"><\/i><\/span><span class=\"testimonial_rotator_star testimonial_rotator_star_3\"><i class=\"fa fa-star\"><\/i><\/span><span class=\"testimonial_rotator_star testimonial_rotator_star_4\"><i class=\"fa fa-star\"><\/i><\/span><span class=\"testimonial_rotator_star testimonial_rotator_star_5\"><i class=\"fa fa-star\"><\/i><\/span><\/div>\n<div class=\"testimonial_rotator_quote\">\nMe voy a casar all\u00ed dentro de dos semanas y me siento tan emocionado que amo el lugar y se ve c\u00f3modo y tranquilo.<br \/>\r\n<br \/>\r\n<abbr class=\"_5ptz\" title=\"22\/11\/14 7:31\" data-utime=\"1416670269\" data-shorten=\"1\"><span id=\"js_1av\" class=\"timestampContent\">22 de noviembre de 2014<\/span><\/abbr><\/div>\n<div class=\"testimonial_rotator_author_info cf-tr\">\n<h5 id=\"js_1au\" class=\"_7tae _14f3 _14f5 _5pbw _5vra\" data-ft=\"{&quot;tn&quot;:&quot;C&quot;}\"><span class=\"fwn fcg\"><span class=\"fcg\"><span class=\"fwb\">Kamilah Kamilah<\/span><\/span><\/span><\/h5>\n<\/div>\n<\/div>\n\t<div class=\"testimonial_rotator_microdata\">\n\t<div class=\"item\"><div class=\"fn\">My Wedding Palace<\/div><\/div>\n\t<div class=\"rating\">5<\/div>\n\t<div class=\"dtreviewed\"> 2019-12-04T02:59:27+00:00<\/div>\t<div class=\"reviewer\"> \t<div class=\"fn\"> <h5 id=\"js_1au\" class=\"_7tae _14f3 _14f5 _5pbw _5vra\" data-ft=\"{&quot;tn&quot;:&quot;C&quot;}\"><span class=\"fwn fcg\"><span class=\"fcg\"><span class=\"fwb\">Kamilah Kamilah<\/span><\/span><\/span><\/h5>\n<\/div>\t<\/div>I am going to get married there in two weeks and I feel so excited I love the I side and it looks comfortable and calm. 22 de noviembre de 2014\t<div class=\"summary\"> <\/div>\t<div class=\"permalink\"> https:\/\/www.myweddingpalace.us\/es\/testimonials\/i-am-going-to-get-married\/<\/div>\t<\/div><!-- .testimonial_rotator_microdata -->\n<\/div>\n<div class=\"slide slide4 testimonial_rotator_slide hreview itemreviewed item  cf-tr\">\n<div class=\"text testimonial_rotator_description\">\n<h2 class=\"testimonial_rotator_slide_title\">Gran servicio<\/h2>\n<div class=\"testimonial_rotator_stars cf-tr\">\n<span class=\"testimonial_rotator_star testimonial_rotator_star_1\"><i class=\"fa fa-star\"><\/i><\/span><span class=\"testimonial_rotator_star testimonial_rotator_star_2\"><i class=\"fa fa-star\"><\/i><\/span><span class=\"testimonial_rotator_star testimonial_rotator_star_3\"><i class=\"fa fa-star\"><\/i><\/span><span class=\"testimonial_rotator_star testimonial_rotator_star_4\"><i class=\"fa fa-star\"><\/i><\/span><span class=\"testimonial_rotator_star testimonial_rotator_star_5\"><i class=\"fa fa-star\"><\/i><\/span><\/div>\n<div class=\"testimonial_rotator_quote\">\n\u00a1Gran servicio! Me cas\u00e9 aqu\u00ed y me encant\u00f3. Recomiendo esta capilla a cualquiera que est\u00e9 planeando casarse<\/div>\n<div class=\"testimonial_rotator_author_info cf-tr\">\n<h5 id=\"js_386\" class=\"_7tae _14f3 _14f5 _5pbw _5vra\" data-ft=\"{&quot;tn&quot;:&quot;C&quot;}\"><span class=\"fwn fcg\"><span class=\"fcg\"><span class=\"fwb\">Jose Jesus Rico<\/span><\/span><\/span><\/h5>\n<\/div>\n<\/div>\n\t<div class=\"testimonial_rotator_microdata\">\n\t<div class=\"item\"><div class=\"fn\">My Wedding Palace<\/div><\/div>\n\t<div class=\"rating\">5<\/div>\n\t<div class=\"dtreviewed\"> 2019-12-04T03:00:16+00:00<\/div>\t<div class=\"reviewer\"> \t<div class=\"fn\"> <h5 id=\"js_386\" class=\"_7tae _14f3 _14f5 _5pbw _5vra\" data-ft=\"{&quot;tn&quot;:&quot;C&quot;}\"><span class=\"fwn fcg\"><span class=\"fcg\"><span class=\"fwb\">Jose Jesus Rico<\/span><\/span><\/span><\/h5>\n<\/div>\t<\/div>\u00a1Gran servicio! Me cas\u00e9 aqu\u00ed y me encant\u00f3. Recomiendo esta capilla a cualquiera que est\u00e9 planeando casarse\t<div class=\"summary\"> <\/div>\t<div class=\"permalink\"> https:\/\/www.myweddingpalace.us\/es\/testimonials\/great-service\/<\/div>\t<\/div><!-- .testimonial_rotator_microdata -->\n<\/div>\n<div class=\"slide slide5 testimonial_rotator_slide hreview itemreviewed item  cf-tr\">\n<div class=\"text testimonial_rotator_description\">\n<h2 class=\"testimonial_rotator_slide_title\">No Puedo esperar<\/h2>\n<div class=\"testimonial_rotator_stars cf-tr\">\n<span class=\"testimonial_rotator_star testimonial_rotator_star_1\"><i class=\"fa fa-star\"><\/i><\/span><span class=\"testimonial_rotator_star testimonial_rotator_star_2\"><i class=\"fa fa-star\"><\/i><\/span><span class=\"testimonial_rotator_star testimonial_rotator_star_3\"><i class=\"fa fa-star\"><\/i><\/span><span class=\"testimonial_rotator_star testimonial_rotator_star_4\"><i class=\"fa fa-star\"><\/i><\/span><span class=\"testimonial_rotator_star testimonial_rotator_star_5\"><i class=\"fa fa-star\"><\/i><\/span><\/div>\n<div class=\"testimonial_rotator_quote\">\nNo puedo esperar por Nuestra Ceremonia<\/div>\n<div class=\"testimonial_rotator_author_info cf-tr\">\n<p>Santacruz Kenia<\/p>\n<\/div>\n<\/div>\n\t<div class=\"testimonial_rotator_microdata\">\n\t<div class=\"item\"><div class=\"fn\">My Wedding Palace<\/div><\/div>\n\t<div class=\"rating\">5<\/div>\n\t<div class=\"dtreviewed\"> 2019-12-04T03:01:44+00:00<\/div>\t<div class=\"reviewer\"> \t<div class=\"fn\"> <p>Santacruz Kenia<\/p>\n<\/div>\t<\/div>No puedo esperar por Nuestra Ceremonia\t<div class=\"summary\"> <\/div>\t<div class=\"permalink\"> https:\/\/www.myweddingpalace.us\/es\/testimonials\/cant-wait\/<\/div>\t<\/div><!-- .testimonial_rotator_microdata -->\n<\/div>\n<div class=\"slide slide6 testimonial_rotator_slide hreview itemreviewed item  cf-tr\">\n<div class=\"text testimonial_rotator_description\">\n<h2 class=\"testimonial_rotator_slide_title\">Gran servicio<\/h2>\n<div class=\"testimonial_rotator_stars cf-tr\">\n<span class=\"testimonial_rotator_star testimonial_rotator_star_1\"><i class=\"fa fa-star\"><\/i><\/span><span class=\"testimonial_rotator_star testimonial_rotator_star_2\"><i class=\"fa fa-star\"><\/i><\/span><span class=\"testimonial_rotator_star testimonial_rotator_star_3\"><i class=\"fa fa-star\"><\/i><\/span><span class=\"testimonial_rotator_star testimonial_rotator_star_4\"><i class=\"fa fa-star\"><\/i><\/span><span class=\"testimonial_rotator_star testimonial_rotator_star_5\"><i class=\"fa fa-star\"><\/i><\/span><\/div>\n<div class=\"testimonial_rotator_quote\">\nGran Servicio, GRACIAS<\/div>\n<div class=\"testimonial_rotator_author_info cf-tr\">\n<h5 id=\"js_38f\" class=\"_7tae _14f3 _14f5 _5pbw _5vra\" data-ft=\"{&quot;tn&quot;:&quot;C&quot;}\"><span class=\"fwn fcg\"><span class=\"fcg\"><span class=\"fwb\">Alejandro Marcelo Campos<\/span>\u00a0<\/span><\/span><\/h5>\n<\/div>\n<\/div>\n\t<div class=\"testimonial_rotator_microdata\">\n\t<div class=\"item\"><div class=\"fn\">My Wedding Palace<\/div><\/div>\n\t<div class=\"rating\">5<\/div>\n\t<div class=\"dtreviewed\"> 2019-12-04T03:02:29+00:00<\/div>\t<div class=\"reviewer\"> \t<div class=\"fn\"> <h5 id=\"js_38f\" class=\"_7tae _14f3 _14f5 _5pbw _5vra\" data-ft=\"{&quot;tn&quot;:&quot;C&quot;}\"><span class=\"fwn fcg\"><span class=\"fcg\"><span class=\"fwb\">Alejandro Marcelo Campos<\/span>\u00a0<\/span><\/span><\/h5>\n<\/div>\t<\/div>Gran Servicio, GRACIAS\t<div class=\"summary\"> <\/div>\t<div class=\"permalink\"> https:\/\/www.myweddingpalace.us\/es\/testimonials\/great-service-2\/<\/div>\t<\/div><!-- .testimonial_rotator_microdata -->\n<\/div>\n<div class=\"testimonial_rotator_microdata\">\n\t<div class=\"rating\">5<\/div>\n\t<div class=\"count\">6<\/div>\n\t<div class=\"item\"><div class=\"fn\">My Wedding Palace<\/div><\/div>\n<\/div>\n<\/div><!-- #testimonial_rotator_69 -->\n<\/div><!-- .testimonial_rotator_wrap -->\n\n<\/div><\/div><\/div><\/div><\/div><div class=\"vce-col vce-col--md-16-66p vce-col--xs-1 vce-col--xs-last vce-col--xs-first vce-col--sm-last vce-col--sm-first vce-col--md-last vce-col--lg-last vce-col--xl-last\" id=\"el-034d4b20\"><div class=\"vce-col-inner\" data-vce-do-apply=\"border margin background  el-034d4b20\"><div class=\"vce-col-content\" data-vce-element-content=\"true\" data-vce-do-apply=\"padding el-034d4b20\"><div class=\"vcv-row-control-wrapper\"><\/div><\/div><\/div><\/div><\/div><\/div><\/div><div class=\"vce-row-container\"><div class=\"vce-row vce-row--col-gap-30 vce-row-content--top\" data-vce-full-width=\"true\" data-vce-stretch-content=\"true\" id=\"el-cd2a28ba\" data-vce-do-apply=\"all el-cd2a28ba\"><div class=\"vce-content-background-container\"><div class=\"vce-asset-color-gradient-container vce-visible-all-only\" data-vce-do-apply=\"gradient el-cd2a28ba\"><\/div><\/div><div class=\"vce-row-content\" data-vce-element-content=\"true\"><div class=\"vce-col vce-col--md-25p vce-col--xs-1 vce-col--xs-last vce-col--xs-first vce-col--sm-last vce-col--sm-first vce-col--md-first vce-col--lg-first vce-col--xl-first\" id=\"el-e5cf9616\"><div class=\"vce-col-inner\" data-vce-do-apply=\"border margin background  el-e5cf9616\"><div class=\"vce-content-background-container\"><\/div><div class=\"vce-col-content\" data-vce-element-content=\"true\" data-vce-do-apply=\"padding el-e5cf9616\"><div class=\"vcv-row-control-wrapper\"><\/div><\/div><\/div><\/div><div class=\"vce-col vce-col--md-50p vce-col--xs-1 vce-col--xs-last vce-col--xs-first vce-col--sm-last vce-col--sm-first\" id=\"el-91cb2778\"><div class=\"vce-col-inner\" data-vce-do-apply=\"border margin background  el-91cb2778\"><div class=\"vce-col-content\" data-vce-element-content=\"true\" data-vce-do-apply=\"padding el-91cb2778\"><div class=\"vce-shortcode\"><div class=\"vce-shortcode-wrapper vce\" id=\"el-3b95bee7\" data-vce-do-apply=\"all el-3b95bee7\">\n<div class=\"wpcf7 no-js\" id=\"wpcf7-f641-o1\" lang=\"en-US\" dir=\"ltr\" data-wpcf7-id=\"641\">\n<div class=\"screen-reader-response\"><p role=\"status\" aria-live=\"polite\" aria-atomic=\"true\"><\/p> <ul><\/ul><\/div>\n<form action=\"\/es\/wp-json\/wp\/v2\/pages\/148#wpcf7-f641-o1\" method=\"post\" class=\"wpcf7-form init\" aria-label=\"Contact form\" novalidate=\"novalidate\" data-status=\"init\" data-trp-original-action=\"\/es\/wp-json\/wp\/v2\/pages\/148#wpcf7-f641-o1\">\n<fieldset class=\"hidden-fields-container\"><input type=\"hidden\" name=\"_wpcf7\" value=\"641\" \/><input type=\"hidden\" name=\"_wpcf7_version\" value=\"6.1.4\" \/><input type=\"hidden\" name=\"_wpcf7_locale\" value=\"en_US\" \/><input type=\"hidden\" name=\"_wpcf7_unit_tag\" value=\"wpcf7-f641-o1\" \/><input type=\"hidden\" name=\"_wpcf7_container_post\" value=\"0\" \/><input type=\"hidden\" name=\"_wpcf7_posted_data_hash\" value=\"\" \/>\n<\/fieldset>\n<div class=\"form_home\">\n\t<div class=\"form-group spaced\">\n\t\t<p><span class=\"wpcf7-form-control-wrap\" data-name=\"your-name\"><input size=\"40\" maxlength=\"400\" class=\"wpcf7-form-control wpcf7-text wpcf7-validates-as-required form-control\" aria-required=\"true\" aria-invalid=\"false\" placeholder=\"Nombre completo\" value=\"\" type=\"text\" name=\"your-name\" \/><\/span>\n\t\t<\/p>\n\t<\/div>\n\t<div class=\"form-group spaced\">\n\t\t<p><span class=\"wpcf7-form-control-wrap\" data-name=\"your-phone\"><input size=\"40\" maxlength=\"400\" class=\"wpcf7-form-control wpcf7-tel wpcf7-validates-as-required wpcf7-text wpcf7-validates-as-tel form-control\" id=\"phone-mask\" aria-required=\"true\" aria-invalid=\"false\" placeholder=\"(123) 456-7890\" value=\"\" type=\"tel\" name=\"your-phone\" \/><\/span>\n\t\t<\/p>\n\t<\/div>\n\t<div class=\"form-group spaced\">\n\t\t<p><span class=\"wpcf7-form-control-wrap\" data-name=\"your-email\"><input size=\"40\" maxlength=\"400\" class=\"wpcf7-form-control wpcf7-email wpcf7-validates-as-required wpcf7-text wpcf7-validates-as-email form-control\" aria-required=\"true\" aria-invalid=\"false\" placeholder=\"Correo electr\u00f3nico\" value=\"\" type=\"email\" name=\"your-email\" \/><\/span>\n\t\t<\/p>\n\t<\/div>\n\t<div class=\"form-group\">\n\t\t<p><span class=\"wpcf7-form-control-wrap\" data-name=\"your-service\"><select class=\"wpcf7-form-control wpcf7-select wpcf7-validates-as-required form-control\" aria-required=\"true\" aria-invalid=\"false\" name=\"your-service\"><option value=\"\">Seleccione el servicio deseado<\/option><option value=\"Simple Ceremony\">Ceremonia Sencilla<\/option><option value=\"Wedding Chapel\">Boda en Capilla<\/option><option value=\"Wedding at Home\">Boda a Domicilio<\/option><option value=\"Legal Services\">Servicios Legales<\/option><\/select><\/span>\n\t\t<\/p>\n\t<\/div>\n\t<div class=\"form-group\">\n\t\t<p><span class=\"wpcf7-form-control-wrap\" data-name=\"contact-time\"><select class=\"wpcf7-form-control wpcf7-select wpcf7-validates-as-required form-control\" aria-required=\"true\" aria-invalid=\"false\" name=\"contact-time\"><option value=\"\">Horario preferido para contactarte<\/option><option value=\"Morning (9 AM \u2013 12 PM)\">Ma\u00f1ana (9:00 a. m. \u2013 12:00 p. m.)<\/option><option value=\"Afternoon (1 PM \u2013 6 PM)\">Tarde (13:00 \u2013 18:00)<\/option><option value=\"Evening (7 PM \u2013 10 PM)\">Tarde-noche (7 p. m. \u2013 10 p. m.)<\/option><\/select><\/span>\n\t\t<\/p>\n\t<\/div>\n\t<div class=\"form-group\">\n\t\t<p><span class=\"wpcf7-form-control-wrap\" data-name=\"your-message\"><textarea cols=\"40\" rows=\"10\" maxlength=\"2000\" class=\"wpcf7-form-control wpcf7-textarea wpcf7-validates-as-required form-control\" aria-required=\"true\" aria-invalid=\"false\" placeholder=\"Mensaje...\" name=\"your-message\"><\/textarea><\/span>\n\t\t<\/p>\n\t<\/div>\n\t<div class=\"form-group form_home1-captcha-submit\">\n\t\t<p><div id=\"cf7sr-69e8be8ecc449\" class=\"cf7sr-g-recaptcha\" data-theme=\"light\" data-type=\"image\" data-size=\"normal\" data-sitekey=\"6LcPWPsrAAAAAENQ19-EPDVOsYQKeeW4kvYZKQif\"><\/div><span class=\"wpcf7-form-control-wrap cf7sr-recaptcha\" data-name=\"cf7sr-recaptcha\"><input type=\"hidden\" name=\"cf7sr-recaptcha\" value=\"\" class=\"wpcf7-form-control\"><\/span><br \/>\n<button type=\"submit\" class=\"btn btn-primary\">Enviar formulario<\/button>\n\t\t<\/p>\n\t<\/div>\n<\/div><div class=\"wpcf7-response-output\" aria-hidden=\"true\"><\/div>\n<input type=\"hidden\" name=\"trp-form-language\" value=\"es\"\/><\/form>\n<\/div>\n<\/div><\/div><\/div><\/div><\/div><div class=\"vce-col vce-col--md-25p vce-col--xs-1 vce-col--xs-last vce-col--xs-first vce-col--sm-last vce-col--sm-first vce-col--md-last vce-col--lg-last vce-col--xl-last\" id=\"el-1b958d0e\"><div class=\"vce-col-inner\" data-vce-do-apply=\"border margin background  el-1b958d0e\"><div class=\"vce-col-content\" data-vce-element-content=\"true\" data-vce-do-apply=\"padding el-1b958d0e\"><div class=\"vcv-row-control-wrapper\"><\/div><\/div><\/div><\/div><\/div><\/div><\/div><div class=\"vce-row-container\"><div class=\"vce-row vce-row--col-gap-30 vce-row-no-paddings vce-row-content--top\" data-vce-full-width=\"true\" data-vce-stretch-content=\"true\" id=\"el-9daa0bb4\" data-vce-do-apply=\"all el-9daa0bb4\"><div class=\"vce-row-content\" data-vce-element-content=\"true\"><div class=\"vce-col vce-col--md-auto vce-col--xs-1 vce-col--xs-last vce-col--xs-first vce-col--sm-last vce-col--sm-first vce-col--md-last vce-col--lg-last vce-col--xl-last vce-col--md-first vce-col--lg-first vce-col--xl-first\" id=\"el-b33189a6\"><div class=\"vce-col-inner\" data-vce-do-apply=\"border margin background  el-b33189a6\"><div class=\"vce-col-content\" data-vce-element-content=\"true\" data-vce-do-apply=\"padding el-b33189a6\"><div class=\"vce-google-maps vce-google-maps--align-left\"><div class=\"vce-google-maps-wrapper vce vce-google-maps--width-custom vce-google-maps--height-custom\" id=\"el-48981f51\" data-vce-do-apply=\"all el-48981f51\" style=\"width: 100%; height: 500px;\"><div class=\"vce-google-maps-inner\"><iframe loading=\"lazy\" src=\"https:\/\/www.google.com\/maps\/embed?pb=!1m14!1m8!1m3!1d52876.89354310188!2d-118.03707199999998!3d34.074491!3m2!1i1024!2i768!4f13.1!3m3!1m2!1s0x0%3A0x3a6b09495c94647a!2sMy%20Wedding%20Palace!5e0!3m2!1ses-419!2smx!4v1575917732124!5m2!1ses-419!2smx\" width=\"600\" height=\"450\" frameborder=\"0\" style=\"border: 0px; pointer-events: none;\" allowfullscreen=\"\"><\/iframe><\/div><\/div><\/div><\/div><\/div><\/div><\/div><\/div><\/div>","protected":false},"excerpt":{"rendered":"<p>Testimoniales<\/p>","protected":false},"author":1,"featured_media":0,"parent":0,"menu_order":0,"comment_status":"closed","ping_status":"closed","template":"","meta":{"footnotes":""},"class_list":["post-148","page","type-page","status-publish","hentry"],"_links":{"self":[{"href":"https:\/\/www.myweddingpalace.us\/es\/wp-json\/wp\/v2\/pages\/148","targetHints":{"allow":["GET"]}}],"collection":[{"href":"https:\/\/www.myweddingpalace.us\/es\/wp-json\/wp\/v2\/pages"}],"about":[{"href":"https:\/\/www.myweddingpalace.us\/es\/wp-json\/wp\/v2\/types\/page"}],"author":[{"embeddable":true,"href":"https:\/\/www.myweddingpalace.us\/es\/wp-json\/wp\/v2\/users\/1"}],"replies":[{"embeddable":true,"href":"https:\/\/www.myweddingpalace.us\/es\/wp-json\/wp\/v2\/comments?post=148"}],"version-history":[{"count":10,"href":"https:\/\/www.myweddingpalace.us\/es\/wp-json\/wp\/v2\/pages\/148\/revisions"}],"predecessor-version":[{"id":648,"href":"https:\/\/www.myweddingpalace.us\/es\/wp-json\/wp\/v2\/pages\/148\/revisions\/648"}],"wp:attachment":[{"href":"https:\/\/www.myweddingpalace.us\/es\/wp-json\/wp\/v2\/media?parent=148"}],"curies":[{"name":"wp","href":"https:\/\/api.w.org\/{rel}","templated":true}]}}